{"id":16596,"date":"2017-09-13T12:15:32","date_gmt":"2017-09-13T10:15:32","guid":{"rendered":"http:\/\/beneworld.eu\/NEW\/?page_id=16596"},"modified":"2017-11-22T15:41:28","modified_gmt":"2017-11-22T14:41:28","slug":"about","status":"publish","type":"page","link":"https:\/\/beneworld.eu\/pb\/about\/","title":{"rendered":"Por que voc\u00ea e eu?"},"content":{"rendered":"<div class=\"wpb-content-wrapper\"><p>[vc_row css_animation=&#8221;&#8221; row_type=&#8221;row&#8221; use_row_as_full_screen_section=&#8221;no&#8221; type=&#8221;full_width&#8221; angled_section=&#8221;no&#8221; text_align=&#8221;left&#8221; background_image_as_pattern=&#8221;without_pattern&#8221; css=&#8221;.vc_custom_1504870523550{margin-right: 20px !important;margin-left: 20px !important;}&#8221;][vc_column width=&#8221;1\/3&#8243;][\/vc_column][vc_column width=&#8221;1\/3&#8243;][vc_single_image image=&#8221;16638&#8243; img_size=&#8221;full&#8221; alignment=&#8221;center&#8221; qode_css_animation=&#8221;&#8221; css=&#8221;.vc_custom_1505743045135{padding-right: 50px !important;padding-left: 50px !important;}&#8221;][vc_empty_space height=&#8221;22&#8243;][vc_column_text el_class=&#8221;about&#8221;]<\/p>\n<h3 style=\"text-align: center;\"><strong>O que me estimula?<\/strong><\/h3>\n<p>Estou feliz de acompanhar pessoas que desejam realizar seus projetos e sonhos.<br \/>\nAdoro desafios.<br \/>\n1+1=3<br \/>\nJuntos vamos mais longe.<\/p>\n<p>&nbsp;<\/p>\n<h3 style=\"text-align: center;\"><strong>O que fa\u00e7o quando ajo<\/strong>?<\/h3>\n<p>Defendo os valores de colabora\u00e7\u00e3o, sustentabilidade, autonomia, honestidade, compromisso, abertura, concretiza\u00e7\u00e3o e dilig\u00eancia.<\/p>\n<p>&nbsp;<\/p>\n<h3 style=\"text-align: center;\"><strong>O que eu estou fazendo<\/strong>?<\/h3>\n<p>Acompanho as organiza\u00e7\u00f5es atrav\u00e9s das etapas para realiza\u00e7\u00f5es s\u00f3lidas e adequadas \u00e0s suas personalidades e seus valores; em modo colaborativo (cocria\u00e7\u00e3o, coorganiza\u00e7\u00e3o e conex\u00f5es).<\/p>\n<h3 style=\"text-align: center;\"><\/h3>\n<p>[\/vc_column_text][\/vc_column][vc_column width=&#8221;1\/3&#8243;][\/vc_column][\/vc_row][vc_row css_animation=&#8221;&#8221; row_type=&#8221;row&#8221; use_row_as_full_screen_section=&#8221;no&#8221; type=&#8221;full_width&#8221; angled_section=&#8221;no&#8221; text_align=&#8221;left&#8221; background_image_as_pattern=&#8221;without_pattern&#8221; css=&#8221;.vc_custom_1504696536813{padding-top: 0px !important;padding-right: 100px !important;padding-bottom: 0px !important;padding-left: 100px !important;}&#8221;][vc_column][vc_empty_space][vc_column_text el_class=&#8221;about&#8221;]<\/p>\n<h3 style=\"text-align: center;\">B\u00e9n\u00e9dicte &amp; the World<\/h3>\n<p>[\/vc_column_text][layerslider_vc id=&#8221;25&#8243;][vc_empty_space][\/vc_column][\/vc_row]<\/p>\n<\/div>","protected":false},"excerpt":{"rendered":"<p>[vc_row css_animation=&#8221;&#8221; row_type=&#8221;row&#8221; use_row_as_full_screen_section=&#8221;no&#8221; type=&#8221;full_width&#8221; angled_section=&#8221;no&#8221; text_align=&#8221;left&#8221; background_image_as_pattern=&#8221;without_pattern&#8221; css=&#8221;.vc_custom_1504870523550{margin-right: 20px !important;margin-left: 20px !important;}&#8221;][vc_column width=&#8221;1\/3&#8243;][\/vc_column][vc_column width=&#8221;1\/3&#8243;][vc_single_image image=&#8221;16638&#8243; img_size=&#8221;full&#8221; alignment=&#8221;center&#8221; qode_css_animation=&#8221;&#8221; css=&#8221;.vc_custom_1505743045135{padding-right: 50px !important;padding-left: 50px !important;}&#8221;][vc_empty_space height=&#8221;22&#8243;][vc_column_text el_class=&#8221;about&#8221;] O que me estimula? Estou feliz de acompanhar pessoas que desejam realizar seus projetos e sonhos. Adoro desafios. 1+1=3&#8230;<\/p>\n","protected":false},"author":2,"featured_media":0,"parent":0,"menu_order":0,"comment_status":"closed","ping_status":"closed","template":"full_width.php","meta":{"footnotes":""},"class_list":["post-16596","page","type-page","status-publish","hentry"],"_links":{"self":[{"href":"https:\/\/beneworld.eu\/pb\/wp-json\/wp\/v2\/pages\/16596","targetHints":{"allow":["GET"]}}],"collection":[{"href":"https:\/\/beneworld.eu\/pb\/wp-json\/wp\/v2\/pages"}],"about":[{"href":"https:\/\/beneworld.eu\/pb\/wp-json\/wp\/v2\/types\/page"}],"author":[{"embeddable":true,"href":"https:\/\/beneworld.eu\/pb\/wp-json\/wp\/v2\/users\/2"}],"replies":[{"embeddable":true,"href":"https:\/\/beneworld.eu\/pb\/wp-json\/wp\/v2\/comments?post=16596"}],"version-history":[{"count":23,"href":"https:\/\/beneworld.eu\/pb\/wp-json\/wp\/v2\/pages\/16596\/revisions"}],"predecessor-version":[{"id":16801,"href":"https:\/\/beneworld.eu\/pb\/wp-json\/wp\/v2\/pages\/16596\/revisions\/16801"}],"wp:attachment":[{"href":"https:\/\/beneworld.eu\/pb\/wp-json\/wp\/v2\/media?parent=16596"}],"curies":[{"name":"wp","href":"https:\/\/api.w.org\/{rel}","templated":true}]}}