{"id":11,"date":"2017-01-07T13:37:17","date_gmt":"2017-01-07T12:37:17","guid":{"rendered":"http:\/\/beneworld.eu\/NEW\/?page_id=11"},"modified":"2019-04-10T10:36:42","modified_gmt":"2019-04-10T08:36:42","slug":"services","status":"publish","type":"page","link":"https:\/\/beneworld.eu\/pb\/services\/","title":{"rendered":"Servi\u00e7os, com sorriso inclu\u00eddo"},"content":{"rendered":"<div class=\"wpb-content-wrapper\"><p>[vc_row css_animation=&#8221;&#8221; row_type=&#8221;row&#8221; use_row_as_full_screen_section=&#8221;no&#8221; type=&#8221;full_width&#8221; angled_section=&#8221;no&#8221; text_align=&#8221;left&#8221; background_image_as_pattern=&#8221;without_pattern&#8221;][vc_column width=&#8221;1\/3&#8243;][vc_single_image image=&#8221;16214&#8243; img_size=&#8221;full&#8221; alignment=&#8221;center&#8221; qode_css_animation=&#8221;&#8221;][\/vc_column][vc_column width=&#8221;2\/3&#8243; css=&#8221;.vc_custom_1503673350686{padding-top: 10px !important;padding-right: 30px !important;padding-bottom: 10px !important;padding-left: 30px !important;}&#8221;][vc_column_text el_class=&#8221;service&#8221;]<\/p>\n<h2 style=\"text-align: left;\">What \/\u00a0Servi\u00e7os multifacetados<\/h2>\n<p>[\/vc_column_text][vc_empty_space][vc_column_text el_class=&#8221;service&#8221;]<\/p>\n<h3><strong>Projetos e Eventos<\/strong><\/h3>\n<p>Para passar da ideia \u00e0 realidade, desenvolvemos a\u00e7\u00f5es passo a passo para:[\/vc_column_text][vc_empty_space][vc_column_text el_class=&#8221;service&#8221;]<img loading=\"lazy\" decoding=\"async\" class=\"wp-image-16217 alignnone\" src=\"http:\/\/beneworld.eu\/wp-content\/uploads\/2017\/01\/rond-300x300.png\" alt=\"\" width=\"20\" height=\"20\" \/> Esclarecer seu projeto e objetivos<br \/>\n<img loading=\"lazy\" decoding=\"async\" class=\"wp-image-16217 alignnone\" src=\"http:\/\/beneworld.eu\/wp-content\/uploads\/2017\/01\/rond-300x300.png\" alt=\"\" width=\"20\" height=\"20\" \/> Identificar os valores a serem apresentados<br \/>\n<img loading=\"lazy\" decoding=\"async\" class=\"wp-image-16217 alignnone\" src=\"http:\/\/beneworld.eu\/wp-content\/uploads\/2017\/01\/rond-300x300.png\" alt=\"\" width=\"20\" height=\"20\" \/> Definir a estrat\u00e9gia e planejamento reverso<br \/>\n<img loading=\"lazy\" decoding=\"async\" class=\"wp-image-16217 alignnone\" src=\"http:\/\/beneworld.eu\/wp-content\/uploads\/2017\/01\/rond-300x300.png\" alt=\"\" width=\"20\" height=\"20\" \/> Gerenciar parcerias e or\u00e7amento<br \/>\n<img loading=\"lazy\" decoding=\"async\" class=\"wp-image-16217 alignnone\" src=\"http:\/\/beneworld.eu\/wp-content\/uploads\/2017\/01\/rond-300x300.png\" alt=\"\" width=\"20\" height=\"20\" \/> Fornecer suporte log\u00edstico[\/vc_column_text][vc_empty_space height=&#8221;52px&#8221;][vc_column_text el_class=&#8221;service&#8221;]Ao longo desta linha do tempo, adoro encontrar solu\u00e7\u00f5es e fornecer criatividade[\/vc_column_text][layerslider_vc id=&#8221;20&#8243;][\/vc_column][\/vc_row][vc_row css_animation=&#8221;&#8221; row_type=&#8221;row&#8221; use_row_as_full_screen_section=&#8221;no&#8221; type=&#8221;full_width&#8221; anchor=&#8221;how&#8221; angled_section=&#8221;no&#8221; text_align=&#8221;left&#8221; background_image_as_pattern=&#8221;without_pattern&#8221;][vc_column width=&#8221;1\/3&#8243;][vc_single_image image=&#8221;16364&#8243; img_size=&#8221;full&#8221; alignment=&#8221;center&#8221; style=&#8221;vc_box_rounded&#8221; qode_css_animation=&#8221;&#8221; el_class=&#8221;oeil&#8221;][\/vc_column][vc_column width=&#8221;2\/3&#8243; css=&#8221;.vc_custom_1503673350686{padding-top: 10px !important;padding-right: 30px !important;padding-bottom: 10px !important;padding-left: 30px !important;}&#8221;][vc_column_text el_class=&#8221;service&#8221;]<\/p>\n<h2 style=\"text-align: left;\">How? Com um novo olhar<\/h2>\n<p>[\/vc_column_text][vc_empty_space][vc_column_text el_class=&#8221;service&#8221;]<\/p>\n<h3><strong>Usando a intelig\u00eancia operacional e coletiva<\/strong><\/h3>\n<p>[\/vc_column_text][vc_column_text el_class=&#8221;service&#8221;]<\/p>\n<h4>Co-c<strong>ria\u00e7\u00e3o<\/strong><\/h4>\n<p>[\/vc_column_text][vc_column_text el_class=&#8221;service&#8221;]Uma perspectiva nova e externa para colaborar de forma diferente e sustent\u00e1vel.[\/vc_column_text][vc_empty_space][vc_column_text el_class=&#8221;service&#8221;]<\/p>\n<h4>Co-<strong>organiza\u00e7\u00e3o<\/strong><\/h4>\n<p>[\/vc_column_text][vc_column_text el_class=&#8221;service&#8221;]Uma abordagem experiente para pensar e agir <em>fora da caixa<\/em><\/p>\n<p><img loading=\"lazy\" decoding=\"async\" class=\"wp-image-16217 alignnone\" src=\"http:\/\/beneworld.eu\/wp-content\/uploads\/2017\/01\/rond-300x300.png\" alt=\"\" width=\"20\" height=\"20\" \/> Facilita\u00e7\u00e3o dos projetos (tutoria), acompanhamento passo a passo<\/p>\n<p><img loading=\"lazy\" decoding=\"async\" class=\"wp-image-16217 alignnone\" src=\"http:\/\/beneworld.eu\/wp-content\/uploads\/2017\/01\/rond-300x300.png\" alt=\"\" width=\"20\" height=\"20\" \/> Forma\u00e7\u00e3o + a\u00e7\u00e3o: fortalecimento das compet\u00eancias existentes para um trabalho de sucesso<\/p>\n<p><img loading=\"lazy\" decoding=\"async\" class=\"wp-image-16217 alignnone\" src=\"http:\/\/beneworld.eu\/wp-content\/uploads\/2017\/01\/rond-300x300.png\" alt=\"\" width=\"20\" height=\"20\" \/> Travel teaser: conselhos sobre a defini\u00e7\u00e3o de itiner\u00e1rios personalizados[\/vc_column_text][vc_empty_space][vc_column_text el_class=&#8221;service&#8221;]<\/p>\n<h4>C<strong>onex\u00f5es<\/strong><\/h4>\n<p>[\/vc_column_text][vc_column_text el_class=&#8221;service&#8221;]An\u00e1lise intersetorial, conselhos, consultoria, vincula\u00e7\u00e3o em linha com seus valores.[\/vc_column_text][vc_empty_space][vc_column_text el_class=&#8221;servicecircu&#8221;]<strong>Abordagem \u00e0 economia circular<\/strong>[\/vc_column_text][vc_column_text el_class=&#8221;service&#8221;]A economia circular \u00e9 um conceito econ\u00f4mico que se enquadra no \u00e2mbito do desenvolvimento sustent\u00e1vel e que se inspira fundamentalmente nos conceitos de economia de funcionalidade.<\/p>\n<p>5 palavras-chave s\u00e3o seus vetores:[\/vc_column_text][vc_empty_space][layerslider_vc id=&#8221;24&#8243;][vc_column_text el_class=&#8221;service&#8221;]Desta forma, nosso foco \u00e9:[\/vc_column_text][vc_column_text el_class=&#8221;service&#8221;]<img loading=\"lazy\" decoding=\"async\" class=\"wp-image-16217 alignnone\" src=\"http:\/\/beneworld.eu\/wp-content\/uploads\/2017\/01\/rond-300x300.png\" alt=\"\" width=\"20\" height=\"20\" \/> respeitar e valorizar os recursos internos e locais que j\u00e1 existem,<br \/>\n<img loading=\"lazy\" decoding=\"async\" class=\"wp-image-16217 alignnone\" src=\"http:\/\/beneworld.eu\/wp-content\/uploads\/2017\/01\/rond-300x300.png\" alt=\"\" width=\"20\" height=\"20\" \/> redistribuir e recuperar os excedentes,<br \/>\n<img loading=\"lazy\" decoding=\"async\" class=\"wp-image-16217 alignnone\" src=\"http:\/\/beneworld.eu\/wp-content\/uploads\/2017\/01\/rond-300x300.png\" alt=\"\" width=\"20\" height=\"20\" \/> aumentar os resultados e criar v\u00ednculos.[\/vc_column_text][vc_empty_space][\/vc_column][\/vc_row][vc_row css_animation=&#8221;&#8221; row_type=&#8221;row&#8221; use_row_as_full_screen_section=&#8221;no&#8221; type=&#8221;full_width&#8221; anchor=&#8221;how&#8221; angled_section=&#8221;no&#8221; text_align=&#8221;left&#8221; background_image_as_pattern=&#8221;without_pattern&#8221;][vc_column width=&#8221;1\/2&#8243;][\/vc_column][vc_column width=&#8221;1\/2&#8243;][\/vc_column][\/vc_row]<\/p>\n<\/div>","protected":false},"excerpt":{"rendered":"<p>[vc_row css_animation=&#8221;&#8221; row_type=&#8221;row&#8221; use_row_as_full_screen_section=&#8221;no&#8221; type=&#8221;full_width&#8221; angled_section=&#8221;no&#8221; text_align=&#8221;left&#8221; background_image_as_pattern=&#8221;without_pattern&#8221;][vc_column width=&#8221;1\/3&#8243;][vc_single_image image=&#8221;16214&#8243; img_size=&#8221;full&#8221; alignment=&#8221;center&#8221; qode_css_animation=&#8221;&#8221;][\/vc_column][vc_column width=&#8221;2\/3&#8243; css=&#8221;.vc_custom_1503673350686{padding-top: 10px !important;padding-right: 30px !important;padding-bottom: 10px !important;padding-left: 30px !important;}&#8221;][vc_column_text el_class=&#8221;service&#8221;] What \/\u00a0Servi\u00e7os multifacetados [\/vc_column_text][vc_empty_space][vc_column_text el_class=&#8221;service&#8221;] Projetos e Eventos Para passar da ideia \u00e0 realidade, desenvolvemos a\u00e7\u00f5es passo a passo para:[\/vc_column_text][vc_empty_space][vc_column_text el_class=&#8221;service&#8221;]&#8230;<\/p>\n","protected":false},"author":1,"featured_media":0,"parent":0,"menu_order":0,"comment_status":"closed","ping_status":"closed","template":"full_width.php","meta":{"footnotes":""},"class_list":["post-11","page","type-page","status-publish","hentry"],"_links":{"self":[{"href":"https:\/\/beneworld.eu\/pb\/wp-json\/wp\/v2\/pages\/11","targetHints":{"allow":["GET"]}}],"collection":[{"href":"https:\/\/beneworld.eu\/pb\/wp-json\/wp\/v2\/pages"}],"about":[{"href":"https:\/\/beneworld.eu\/pb\/wp-json\/wp\/v2\/types\/page"}],"author":[{"embeddable":true,"href":"https:\/\/beneworld.eu\/pb\/wp-json\/wp\/v2\/users\/1"}],"replies":[{"embeddable":true,"href":"https:\/\/beneworld.eu\/pb\/wp-json\/wp\/v2\/comments?post=11"}],"version-history":[{"count":111,"href":"https:\/\/beneworld.eu\/pb\/wp-json\/wp\/v2\/pages\/11\/revisions"}],"predecessor-version":[{"id":16802,"href":"https:\/\/beneworld.eu\/pb\/wp-json\/wp\/v2\/pages\/11\/revisions\/16802"}],"wp:attachment":[{"href":"https:\/\/beneworld.eu\/pb\/wp-json\/wp\/v2\/media?parent=11"}],"curies":[{"name":"wp","href":"https:\/\/api.w.org\/{rel}","templated":true}]}}