{"id":16839,"date":"2019-11-22T11:54:12","date_gmt":"2019-11-22T10:54:12","guid":{"rendered":"http:\/\/beneworld.eu\/?page_id=16839"},"modified":"2020-03-09T18:09:27","modified_gmt":"2020-03-09T17:09:27","slug":"formation","status":"publish","type":"page","link":"https:\/\/beneworld.eu\/fr\/formation\/","title":{"rendered":"(Trans) Formation"},"content":{"rendered":"<div class=\"wpb-content-wrapper\"><p>[vc_row css_animation=\u00a0\u00bb\u00a0\u00bb row_type=\u00a0\u00bbrow\u00a0\u00bb use_row_as_full_screen_section=\u00a0\u00bbno\u00a0\u00bb type=\u00a0\u00bbfull_width\u00a0\u00bb angled_section=\u00a0\u00bbno\u00a0\u00bb text_align=\u00a0\u00bbleft\u00a0\u00bb background_image_as_pattern=\u00a0\u00bbwithout_pattern\u00a0\u00bb css=\u00a0\u00bb.vc_custom_1574420608796{padding: 5px !important;background-color: rgba(0,0,0,0.45) !important;*background-color: rgb(0,0,0) !important;}\u00a0\u00bb z_index=\u00a0\u00bb\u00a0\u00bb][vc_column][vc_empty_space][vc_column_text el_class=\u00a0\u00bbblanc\u00a0\u00bb]<\/p>\n<h1 style=\"text-align: center;\">LE TEMPS ET VOUS<\/h1>\n<p>[\/vc_column_text][vc_column_text el_class=\u00a0\u00bbblanc\u00a0\u00bb]<\/p>\n<h3 style=\"text-align: center;\">bien l&rsquo;utiliser pour r\u00e9aliser ses projets<\/h3>\n<p>[\/vc_column_text][vc_empty_space][vc_column_text el_class=\u00a0\u00bbblanc\u00a0\u00bb]Qu\u2019est-ce que le temps ?<br \/>\nLe temps qui passe &#8230; O\u00f9 va-t-il?<\/p>\n<p>Le temps englobe beaucoup de perceptions, se relie \u00e0 des valeurs, du v\u00e9cu et autant d&rsquo;interpr\u00e9tations possibles.<\/p>\n<p>En marge du temps, il y a le stress, la course, la liste de tout ce qu\u2019il y a \u00e0 faire, encore plus, plus vite &#8230; et la recherche d&rsquo;\u00e9quilibre qui en d\u00e9coule.<\/p>\n<p>Il est ainsi utile de revoir la mani\u00e8re dont nous utilisons le temps.<\/p>\n<p>D&rsquo;une part, nous recherchons des outils, des m\u00e9thodes, des trucs, des astuces, des pistes.<br \/>\nD&rsquo;autre part, nous avons tous une personnalit\u00e9 diff\u00e9rente.<\/p>\n<p>Il existe des outils m\u00e9caniques: planification, organisation, tranches de temps et des outils pour la personne: respiration, relaxation, visualisation, etc.[\/vc_column_text][vc_empty_space][vc_column_text]<\/p>\n<h4>Qu&rsquo;allons-nous faire?<\/h4>\n<p>[\/vc_column_text][vc_column_text el_class=\u00a0\u00bbblanc\u00a0\u00bb]Nous allons d\u00e9couvrir, apprendre et tester ces outils pour identifier ce qui nous convient le mieux pour changer, adapter et\/ou modifier notre utilisation du temps.[\/vc_column_text][vc_empty_space][vc_column_text]<\/p>\n<h4>Comment allons nous faire?<\/h4>\n<p>[\/vc_column_text][vc_column_text el_class=\u00a0\u00bbblanc\u00a0\u00bb]Nous allons les d\u00e9couvrir ou les revoir, clarifier nos objectifs, emprunter des outils qui font leurs preuves pour certains et s\u00e9lectionner ce qui est pertinent pour soi.<\/p>\n<p>La formation se penche sur la personne et sur les outils, de mani\u00e8re pratique et appliqu\u00e9e.<\/p>\n<p>Ceci, dans le but d&rsquo;atteindre nos objectifs. Une \u00e9tape \u00e0 la fois.[\/vc_column_text][vc_empty_space][\/vc_column][\/vc_row][vc_row css_animation=\u00a0\u00bb\u00a0\u00bb row_type=\u00a0\u00bbrow\u00a0\u00bb use_row_as_full_screen_section=\u00a0\u00bbno\u00a0\u00bb type=\u00a0\u00bbgrid\u00a0\u00bb angled_section=\u00a0\u00bbno\u00a0\u00bb text_align=\u00a0\u00bbcenter\u00a0\u00bb background_image_as_pattern=\u00a0\u00bbwithout_pattern\u00a0\u00bb z_index=\u00a0\u00bb\u00a0\u00bb][vc_column width=\u00a0\u00bb2\/3&Prime;][vc_column_text css=\u00a0\u00bb.vc_custom_1574849761713{margin-right: 2% !important;margin-left: 2% !important;padding-top: 5px !important;padding-right: 5px !important;padding-bottom: 5px !important;padding-left: 5px !important;background-color: rgba(229,0,125,0.79) !important;*background-color: rgb(229,0,125) !important;border-radius: 5px !important;}\u00a0\u00bb]<\/p>\n<h5 style=\"text-align: center;\">Contactez-moi pour planifier votre prochaine session<br \/>\nB\u00e9n\u00e9dicte Duhaut<\/h5>\n<h5 style=\"text-align: center;\">0475 483 682<br \/>\n<a href=\"mailto:bene@beneworld.eu\">bene[@]beneworld.eu<\/a><\/h5>\n<p>[\/vc_column_text][\/vc_column][vc_column width=\u00a0\u00bb1\/3&Prime;]<div class='q_icon_with_title medium circle center qode_iwt_hover_enabled '><div class=\"icon_holder \" style=\" \"><a href=\"http:\/\/beneworld.eu\/wp-content\/uploads\/2019\/11\/Formation-FT.pdf\" target=\"_blank\" class=\"q_icon_link\"><span data-icon-type=\"circle\" data-icon-hover-color=\"#e5007d\" data-icon-hover-bg-color=\"#ffffff\" class=\"qode_iwt_icon_holder fa-stack fa-3x  \" style=\"border-color: #ffffff;background-color: #e5007d\"><i class=\"qode_icon_font_awesome fa fa-file-pdf-o qode_iwt_icon_element\" style=\"color: #ffffff\"><\/i><\/span><\/a><\/div><div class=\"icon_text_holder\" style=\"\"><div class=\"icon_text_inner\" style=\"\"><h5 class=\"icon_title\" style=\"color: #000000;\"><\/h5><p style='color: #000000'><\/p><a itemprop='url' class='icon_with_title_link' href='http:\/\/beneworld.eu\/wp-content\/uploads\/2019\/11\/Formation-FT.pdf' target='_blank' style='color: #000000;'>T\u00e9l\u00e9chargez la Fiche Technique<\/a><\/div><\/div><\/div>[\/vc_column][\/vc_row][vc_row css_animation=\u00a0\u00bb\u00a0\u00bb row_type=\u00a0\u00bbrow\u00a0\u00bb use_row_as_full_screen_section=\u00a0\u00bbno\u00a0\u00bb type=\u00a0\u00bbfull_width\u00a0\u00bb angled_section=\u00a0\u00bbno\u00a0\u00bb text_align=\u00a0\u00bbleft\u00a0\u00bb background_image_as_pattern=\u00a0\u00bbwithout_pattern\u00a0\u00bb][vc_column width=\u00a0\u00bb2\/3&Prime;][vc_empty_space][\/vc_column][vc_column width=\u00a0\u00bb1\/3&Prime;][\/vc_column][\/vc_row][vc_row css_animation=\u00a0\u00bb\u00a0\u00bb row_type=\u00a0\u00bbrow\u00a0\u00bb use_row_as_full_screen_section=\u00a0\u00bbno\u00a0\u00bb type=\u00a0\u00bbfull_width\u00a0\u00bb angled_section=\u00a0\u00bbno\u00a0\u00bb text_align=\u00a0\u00bbleft\u00a0\u00bb background_image_as_pattern=\u00a0\u00bbwithout_pattern\u00a0\u00bb][vc_column width=\u00a0\u00bb1\/3&Prime; css=\u00a0\u00bb.vc_custom_1574696645879{padding: 1px !important;background-color: rgba(255,255,255,0.49) !important;*background-color: rgb(255,255,255) !important;border-radius: 5px !important;}\u00a0\u00bb][vc_column_text]Photo\u00a9Georges Strens[\/vc_column_text][\/vc_column][vc_column width=\u00a0\u00bb1\/3&Prime;][\/vc_column][vc_column width=\u00a0\u00bb1\/3&Prime;][\/vc_column][\/vc_row]<\/p>\n<\/div>","protected":false},"excerpt":{"rendered":"<p>[vc_row css_animation=\u00a0\u00bb\u00a0\u00bb row_type=\u00a0\u00bbrow\u00a0\u00bb use_row_as_full_screen_section=\u00a0\u00bbno\u00a0\u00bb type=\u00a0\u00bbfull_width\u00a0\u00bb angled_section=\u00a0\u00bbno\u00a0\u00bb text_align=\u00a0\u00bbleft\u00a0\u00bb background_image_as_pattern=\u00a0\u00bbwithout_pattern\u00a0\u00bb css=\u00a0\u00bb.vc_custom_1574420608796{padding: 5px !important;background-color: rgba(0,0,0,0.45) !important;*background-color: rgb(0,0,0) !important;}\u00a0\u00bb z_index=\u00a0\u00bb\u00a0\u00bb][vc_column][vc_empty_space][vc_column_text el_class=\u00a0\u00bbblanc\u00a0\u00bb] LE TEMPS ET VOUS [\/vc_column_text][vc_column_text el_class=\u00a0\u00bbblanc\u00a0\u00bb] bien l&rsquo;utiliser pour r\u00e9aliser ses projets [\/vc_column_text][vc_empty_space][vc_column_text el_class=\u00a0\u00bbblanc\u00a0\u00bb]Qu\u2019est-ce que le temps ? Le temps qui passe &#8230; O\u00f9 va-t-il? Le temps englobe&#8230;<\/p>\n","protected":false},"author":2,"featured_media":0,"parent":0,"menu_order":0,"comment_status":"closed","ping_status":"closed","template":"","meta":{"footnotes":""},"class_list":["post-16839","page","type-page","status-publish","hentry"],"_links":{"self":[{"href":"https:\/\/beneworld.eu\/fr\/wp-json\/wp\/v2\/pages\/16839","targetHints":{"allow":["GET"]}}],"collection":[{"href":"https:\/\/beneworld.eu\/fr\/wp-json\/wp\/v2\/pages"}],"about":[{"href":"https:\/\/beneworld.eu\/fr\/wp-json\/wp\/v2\/types\/page"}],"author":[{"embeddable":true,"href":"https:\/\/beneworld.eu\/fr\/wp-json\/wp\/v2\/users\/2"}],"replies":[{"embeddable":true,"href":"https:\/\/beneworld.eu\/fr\/wp-json\/wp\/v2\/comments?post=16839"}],"version-history":[{"count":31,"href":"https:\/\/beneworld.eu\/fr\/wp-json\/wp\/v2\/pages\/16839\/revisions"}],"predecessor-version":[{"id":16890,"href":"https:\/\/beneworld.eu\/fr\/wp-json\/wp\/v2\/pages\/16839\/revisions\/16890"}],"wp:attachment":[{"href":"https:\/\/beneworld.eu\/fr\/wp-json\/wp\/v2\/media?parent=16839"}],"curies":[{"name":"wp","href":"https:\/\/api.w.org\/{rel}","templated":true}]}}