{"id":16596,"date":"2017-09-13T12:15:32","date_gmt":"2017-09-13T10:15:32","guid":{"rendered":"http:\/\/beneworld.eu\/NEW\/?page_id=16596"},"modified":"2017-11-22T15:41:28","modified_gmt":"2017-11-22T14:41:28","slug":"about","status":"publish","type":"page","link":"https:\/\/beneworld.eu\/fr\/about\/","title":{"rendered":"Pourquoi vous et moi?"},"content":{"rendered":"<div class=\"wpb-content-wrapper\"><p>[vc_row css_animation=\u00a0\u00bb\u00a0\u00bb row_type=\u00a0\u00bbrow\u00a0\u00bb use_row_as_full_screen_section=\u00a0\u00bbno\u00a0\u00bb type=\u00a0\u00bbfull_width\u00a0\u00bb angled_section=\u00a0\u00bbno\u00a0\u00bb text_align=\u00a0\u00bbleft\u00a0\u00bb background_image_as_pattern=\u00a0\u00bbwithout_pattern\u00a0\u00bb css=\u00a0\u00bb.vc_custom_1504870523550{margin-right: 20px !important;margin-left: 20px !important;}\u00a0\u00bb][vc_column width=\u00a0\u00bb1\/3&Prime;][\/vc_column][vc_column width=\u00a0\u00bb1\/3&Prime;][vc_single_image image=\u00a0\u00bb16638&Prime; img_size=\u00a0\u00bbfull\u00a0\u00bb alignment=\u00a0\u00bbcenter\u00a0\u00bb qode_css_animation=\u00a0\u00bb\u00a0\u00bb css=\u00a0\u00bb.vc_custom_1505743065578{padding-right: 50px !important;padding-left: 50px !important;}\u00a0\u00bb][vc_empty_space height=\u00a0\u00bb22px\u00a0\u00bb][vc_column_text el_class=\u00a0\u00bbabout\u00a0\u00bb]<\/p>\n<h3 style=\"text-align: center;\">Qu&rsquo;est-ce qui m&rsquo;anime?<\/h3>\n<p>J\u2019ai \u00e0 c\u0153ur d\u2019accompagner les personnes qui veulent accomplir leurs projets et leurs r\u00eaves.<br \/>\nJ&rsquo;aime relever des d\u00e9fis.<br \/>\n1+1=3<br \/>\nParce que j&rsquo;ai de l&rsquo;\u00e9nergie \u00e0 revendre<br \/>\nNous allons plus loin ensemble.<\/p>\n<p>&nbsp;<\/p>\n<h3 style=\"text-align: center;\">Comment j\u2019agis ?<\/h3>\n<p>Je d\u00e9fends les valeurs de collaboration, durabilit\u00e9, autonomie, honn\u00eatet\u00e9, engagement, ouverture, accomplissement, diligence.<\/p>\n<p>&nbsp;<\/p>\n<h3 style=\"text-align: center;\">Qu\u2019est-ce que je fais ?<\/h3>\n<p>J&rsquo;accompagne les organisations \u00e0 traverser les \u00e9tapes pour des r\u00e9alisations solides et en ad\u00e9quation avec leurs personnalit\u00e9s, leurs valeurs; en mode collaboratif (co-cr\u00e9ation, co-organisation, connections.)<\/p>\n<h3 style=\"text-align: center;\"><\/h3>\n<p>[\/vc_column_text][\/vc_column][vc_column width=\u00a0\u00bb1\/3&Prime;][\/vc_column][\/vc_row][vc_row css_animation=\u00a0\u00bb\u00a0\u00bb row_type=\u00a0\u00bbrow\u00a0\u00bb use_row_as_full_screen_section=\u00a0\u00bbno\u00a0\u00bb type=\u00a0\u00bbfull_width\u00a0\u00bb angled_section=\u00a0\u00bbno\u00a0\u00bb text_align=\u00a0\u00bbleft\u00a0\u00bb background_image_as_pattern=\u00a0\u00bbwithout_pattern\u00a0\u00bb css=\u00a0\u00bb.vc_custom_1504696536813{padding-top: 0px !important;padding-right: 100px !important;padding-bottom: 0px !important;padding-left: 100px !important;}\u00a0\u00bb][vc_column][vc_empty_space][vc_column_text el_class=\u00a0\u00bbabout\u00a0\u00bb]<\/p>\n<h3 style=\"text-align: center;\">B\u00e9n\u00e9dicte &amp; le World<\/h3>\n<p>[\/vc_column_text][layerslider_vc id=\u00a0\u00bb16&Prime;][vc_empty_space][\/vc_column][\/vc_row]<\/p>\n<\/div>","protected":false},"excerpt":{"rendered":"<p>[vc_row css_animation=\u00a0\u00bb\u00a0\u00bb row_type=\u00a0\u00bbrow\u00a0\u00bb use_row_as_full_screen_section=\u00a0\u00bbno\u00a0\u00bb type=\u00a0\u00bbfull_width\u00a0\u00bb angled_section=\u00a0\u00bbno\u00a0\u00bb text_align=\u00a0\u00bbleft\u00a0\u00bb background_image_as_pattern=\u00a0\u00bbwithout_pattern\u00a0\u00bb css=\u00a0\u00bb.vc_custom_1504870523550{margin-right: 20px !important;margin-left: 20px !important;}\u00a0\u00bb][vc_column width=\u00a0\u00bb1\/3&Prime;][\/vc_column][vc_column width=\u00a0\u00bb1\/3&Prime;][vc_single_image image=\u00a0\u00bb16638&Prime; img_size=\u00a0\u00bbfull\u00a0\u00bb alignment=\u00a0\u00bbcenter\u00a0\u00bb qode_css_animation=\u00a0\u00bb\u00a0\u00bb css=\u00a0\u00bb.vc_custom_1505743065578{padding-right: 50px !important;padding-left: 50px !important;}\u00a0\u00bb][vc_empty_space height=\u00a0\u00bb22px\u00a0\u00bb][vc_column_text el_class=\u00a0\u00bbabout\u00a0\u00bb] Qu&rsquo;est-ce qui m&rsquo;anime? J\u2019ai \u00e0 c\u0153ur d\u2019accompagner les personnes qui veulent accomplir leurs projets et leurs r\u00eaves. J&rsquo;aime relever&#8230;<\/p>\n","protected":false},"author":2,"featured_media":0,"parent":0,"menu_order":0,"comment_status":"closed","ping_status":"closed","template":"full_width.php","meta":{"footnotes":""},"class_list":["post-16596","page","type-page","status-publish","hentry"],"_links":{"self":[{"href":"https:\/\/beneworld.eu\/fr\/wp-json\/wp\/v2\/pages\/16596","targetHints":{"allow":["GET"]}}],"collection":[{"href":"https:\/\/beneworld.eu\/fr\/wp-json\/wp\/v2\/pages"}],"about":[{"href":"https:\/\/beneworld.eu\/fr\/wp-json\/wp\/v2\/types\/page"}],"author":[{"embeddable":true,"href":"https:\/\/beneworld.eu\/fr\/wp-json\/wp\/v2\/users\/2"}],"replies":[{"embeddable":true,"href":"https:\/\/beneworld.eu\/fr\/wp-json\/wp\/v2\/comments?post=16596"}],"version-history":[{"count":23,"href":"https:\/\/beneworld.eu\/fr\/wp-json\/wp\/v2\/pages\/16596\/revisions"}],"predecessor-version":[{"id":16801,"href":"https:\/\/beneworld.eu\/fr\/wp-json\/wp\/v2\/pages\/16596\/revisions\/16801"}],"wp:attachment":[{"href":"https:\/\/beneworld.eu\/fr\/wp-json\/wp\/v2\/media?parent=16596"}],"curies":[{"name":"wp","href":"https:\/\/api.w.org\/{rel}","templated":true}]}}