{"id":15453,"date":"2014-09-12T09:48:25","date_gmt":"2014-09-12T09:48:25","guid":{"rendered":"http:\/\/demo.qodeinteractive.com\/bridge39\/?page_id=15453"},"modified":"2019-04-10T10:37:52","modified_gmt":"2019-04-10T08:37:52","slug":"home","status":"publish","type":"page","link":"https:\/\/beneworld.eu\/fr\/","title":{"rendered":"Welcome"},"content":{"rendered":"<div class=\"wpb-content-wrapper\"><p>[vc_row css_animation=\u00a0\u00bb\u00a0\u00bb row_type=\u00a0\u00bbrow\u00a0\u00bb use_row_as_full_screen_section=\u00a0\u00bbno\u00a0\u00bb type=\u00a0\u00bbgrid\u00a0\u00bb angled_section=\u00a0\u00bbno\u00a0\u00bb text_align=\u00a0\u00bbleft\u00a0\u00bb background_image_as_pattern=\u00a0\u00bbwithout_pattern\u00a0\u00bb css=\u00a0\u00bb.vc_custom_1504686499571{background-color: #92bd90 !important;}\u00a0\u00bb][vc_column][vc_column_text]<\/p>\n<h6 style=\"text-align: center;\">Vous souhaitez mener \u00e0 bien un projet, organiser un \u00e9v\u00e9nement qui vous tient \u00e0 c\u0153ur ?<\/h6>\n<h6 style=\"text-align: center;\">Vous vous interrogez sur la marche \u00e0 suivre ? Vous cherchez la personne ad\u00e9quate?<\/h6>\n<h6 style=\"text-align: center;\">\u00a0<img loading=\"lazy\" decoding=\"async\" class=\"alignnone wp-image-16193\" src=\"http:\/\/beneworld.eu\/wp-content\/uploads\/2014\/09\/Beneworld-300x52.png\" alt=\"\" width=\"80\" height=\"14\" srcset=\"https:\/\/beneworld.eu\/wp-content\/uploads\/2014\/09\/Beneworld-300x52.png 300w, https:\/\/beneworld.eu\/wp-content\/uploads\/2014\/09\/Beneworld-768x134.png 768w, https:\/\/beneworld.eu\/wp-content\/uploads\/2014\/09\/Beneworld-700x122.png 700w\" sizes=\"auto, (max-width: 80px) 100vw, 80px\" \/> apporte son exp\u00e9rience pour vous accompagner dans sa r\u00e9alisation de mani\u00e8re durable tout en restant fid\u00e8le \u00e0 votre image; en 6 langues.<\/h6>\n<h6 style=\"text-align: center;\">Nous aimons que les projets \/ \u00e9v\u00e9nements prennent vie, qu&rsquo;ils refl\u00e8tent les personnes qui les portent, marquent les esprits et laissent leur empreinte.<\/h6>\n<h6 style=\"text-align: center;\">Service est sur mesure, \u00e9nergique, rigoureux et cr\u00e9atif.<\/h6>\n<p>[\/vc_column_text][vc_empty_space][\/vc_column][\/vc_row][vc_row css_animation=\u00a0\u00bb\u00a0\u00bb row_type=\u00a0\u00bbrow\u00a0\u00bb use_row_as_full_screen_section=\u00a0\u00bbno\u00a0\u00bb type=\u00a0\u00bbfull_width\u00a0\u00bb anchor=\u00a0\u00bbintro\u00a0\u00bb angled_section=\u00a0\u00bbno\u00a0\u00bb text_align=\u00a0\u00bbcenter\u00a0\u00bb background_image_as_pattern=\u00a0\u00bbwithout_pattern\u00a0\u00bb padding_top=\u00a0\u00bb250&Prime; padding_bottom=\u00a0\u00bb250&Prime; css=\u00a0\u00bb.vc_custom_1506695561977{padding-top: 0px !important;padding-right: 0px !important;padding-bottom: 0px !important;padding-left: 0px !important;background-color: #000000 !important;}\u00a0\u00bb][vc_column width=\u00a0\u00bb1\/3&Prime; css=\u00a0\u00bb.vc_custom_1506930950914{padding: 33% !important;}\u00a0\u00bb el_class=\u00a0\u00bbcartouche1&Prime;]<a  itemprop=\"url\" href=\"http:\/\/beneworld.eu\/about\/\" target=\"_self\" data-hover-border-color=\"#ffffff\" data-hover-color=\"#ffffff\" class=\"qbutton  center default\" style=\"color: #e5007d; border-color: #e5007d; border-radius: 100px;-moz-border-radius: 100px;-webkit-border-radius: 100px; \">WHY<\/a>[vc_empty_space height=\u00a0\u00bb68px\u00a0\u00bb][\/vc_column][vc_column width=\u00a0\u00bb1\/3&Prime; css=\u00a0\u00bb.vc_custom_1506930936327{padding: 33% !important;}\u00a0\u00bb el_class=\u00a0\u00bbcartouche2&Prime;]<a  itemprop=\"url\" href=\"http:\/\/beneworld.eu\/services\/#how\" target=\"_self\" data-hover-border-color=\"#ffffff\" data-hover-color=\"#ffffff\" class=\"qbutton  center default\" style=\"color: #e5007d; border-color: #e5007d; border-radius: 100px;-moz-border-radius: 100px;-webkit-border-radius: 100px; \">HOW<\/a>[vc_empty_space height=\u00a0\u00bb29px\u00a0\u00bb][\/vc_column][vc_column width=\u00a0\u00bb1\/3&Prime; css=\u00a0\u00bb.vc_custom_1506696055755{padding: 33% !important;}\u00a0\u00bb el_class=\u00a0\u00bbcartouche3&Prime;]<a  itemprop=\"url\" href=\"http:\/\/beneworld.eu\/services\/\" target=\"_self\" data-hover-border-color=\"#ffffff\" data-hover-color=\"#ffffff\" class=\"qbutton  large center default\" style=\"color: #e5007d; border-color: #e5007d; border-radius: 100px;-moz-border-radius: 100px;-webkit-border-radius: 100px; \">WHAT<\/a>[\/vc_column][\/vc_row]<\/p>\n<\/div>","protected":false},"excerpt":{"rendered":"<p>[vc_row css_animation=\u00a0\u00bb\u00a0\u00bb row_type=\u00a0\u00bbrow\u00a0\u00bb use_row_as_full_screen_section=\u00a0\u00bbno\u00a0\u00bb type=\u00a0\u00bbgrid\u00a0\u00bb angled_section=\u00a0\u00bbno\u00a0\u00bb text_align=\u00a0\u00bbleft\u00a0\u00bb background_image_as_pattern=\u00a0\u00bbwithout_pattern\u00a0\u00bb css=\u00a0\u00bb.vc_custom_1504686499571{background-color: #92bd90 !important;}\u00a0\u00bb][vc_column][vc_column_text] Vous souhaitez mener \u00e0 bien un projet, organiser un \u00e9v\u00e9nement qui vous tient \u00e0 c\u0153ur ? Vous vous interrogez sur la marche \u00e0 suivre ? Vous cherchez la personne ad\u00e9quate? \u00a0 apporte son exp\u00e9rience&#8230;<\/p>\n","protected":false},"author":2,"featured_media":0,"parent":0,"menu_order":0,"comment_status":"open","ping_status":"open","template":"full_width.php","meta":{"footnotes":""},"class_list":["post-15453","page","type-page","status-publish","hentry"],"_links":{"self":[{"href":"https:\/\/beneworld.eu\/fr\/wp-json\/wp\/v2\/pages\/15453","targetHints":{"allow":["GET"]}}],"collection":[{"href":"https:\/\/beneworld.eu\/fr\/wp-json\/wp\/v2\/pages"}],"about":[{"href":"https:\/\/beneworld.eu\/fr\/wp-json\/wp\/v2\/types\/page"}],"author":[{"embeddable":true,"href":"https:\/\/beneworld.eu\/fr\/wp-json\/wp\/v2\/users\/2"}],"replies":[{"embeddable":true,"href":"https:\/\/beneworld.eu\/fr\/wp-json\/wp\/v2\/comments?post=15453"}],"version-history":[{"count":145,"href":"https:\/\/beneworld.eu\/fr\/wp-json\/wp\/v2\/pages\/15453\/revisions"}],"predecessor-version":[{"id":16787,"href":"https:\/\/beneworld.eu\/fr\/wp-json\/wp\/v2\/pages\/15453\/revisions\/16787"}],"wp:attachment":[{"href":"https:\/\/beneworld.eu\/fr\/wp-json\/wp\/v2\/media?parent=15453"}],"curies":[{"name":"wp","href":"https:\/\/api.w.org\/{rel}","templated":true}]}}