{"id":11,"date":"2017-01-07T13:37:17","date_gmt":"2017-01-07T12:37:17","guid":{"rendered":"http:\/\/beneworld.eu\/NEW\/?page_id=11"},"modified":"2019-04-10T10:36:42","modified_gmt":"2019-04-10T08:36:42","slug":"services","status":"publish","type":"page","link":"https:\/\/beneworld.eu\/fr\/services\/","title":{"rendered":"Services, sourire compris"},"content":{"rendered":"<div class=\"wpb-content-wrapper\"><p>[vc_row css_animation=\u00a0\u00bb\u00a0\u00bb row_type=\u00a0\u00bbrow\u00a0\u00bb use_row_as_full_screen_section=\u00a0\u00bbno\u00a0\u00bb type=\u00a0\u00bbfull_width\u00a0\u00bb angled_section=\u00a0\u00bbno\u00a0\u00bb text_align=\u00a0\u00bbleft\u00a0\u00bb background_image_as_pattern=\u00a0\u00bbwithout_pattern\u00a0\u00bb][vc_column width=\u00a0\u00bb1\/3&Prime;][vc_single_image image=\u00a0\u00bb16214&Prime; img_size=\u00a0\u00bbfull\u00a0\u00bb alignment=\u00a0\u00bbcenter\u00a0\u00bb qode_css_animation=\u00a0\u00bb\u00a0\u00bb][\/vc_column][vc_column width=\u00a0\u00bb2\/3&Prime; css=\u00a0\u00bb.vc_custom_1503673350686{padding-top: 10px !important;padding-right: 30px !important;padding-bottom: 10px !important;padding-left: 30px !important;}\u00a0\u00bb][vc_column_text el_class=\u00a0\u00bbservice\u00a0\u00bb]<\/p>\n<h2 style=\"text-align: left;\">What \/\u00a0Services multifacettes<\/h2>\n<p>[\/vc_column_text][vc_empty_space][vc_column_text el_class=\u00a0\u00bbservice\u00a0\u00bb]<\/p>\n<h3>Projects &amp; Events<\/h3>\n<p>Pour passer de l\u2019id\u00e9e \u00e0 la r\u00e9alisation, des interventions pour:[\/vc_column_text][vc_empty_space][vc_column_text el_class=\u00a0\u00bbservice\u00a0\u00bb]<img loading=\"lazy\" decoding=\"async\" class=\"wp-image-16217 alignnone\" src=\"http:\/\/beneworld.eu\/wp-content\/uploads\/2017\/01\/rond-300x300.png\" alt=\"\" width=\"20\" height=\"20\" \/>\u00a0Clarifier votre projet et ses objectifs<br \/>\n<img loading=\"lazy\" decoding=\"async\" class=\"wp-image-16217 alignnone\" src=\"http:\/\/beneworld.eu\/wp-content\/uploads\/2017\/01\/rond-300x300.png\" alt=\"\" width=\"20\" height=\"20\" \/>\u00a0Identifier les valeurs \u00e0 mettre en avant<br \/>\n<img loading=\"lazy\" decoding=\"async\" class=\"wp-image-16217 alignnone\" src=\"http:\/\/beneworld.eu\/wp-content\/uploads\/2017\/01\/rond-300x300.png\" alt=\"\" width=\"20\" height=\"20\" \/>\u00a0D\u00e9finir la strat\u00e9gie et le r\u00e9troplanning<br \/>\n<img loading=\"lazy\" decoding=\"async\" class=\"wp-image-16217 alignnone\" src=\"http:\/\/beneworld.eu\/wp-content\/uploads\/2017\/01\/rond-300x300.png\" alt=\"\" width=\"20\" height=\"20\" \/>\u00a0G\u00e9rer les partenariats et le budget<br \/>\n<img loading=\"lazy\" decoding=\"async\" class=\"wp-image-16217 alignnone\" src=\"http:\/\/beneworld.eu\/wp-content\/uploads\/2017\/01\/rond-300x300.png\" alt=\"\" width=\"20\" height=\"20\" \/>\u00a0Apporter un support logistique[\/vc_column_text][vc_empty_space height=\u00a0\u00bb52px\u00a0\u00bb][vc_column_text el_class=\u00a0\u00bbservice\u00a0\u00bb]Etape par \u00e9tape, j&rsquo;ai \u00e0 coeur de trouver des solutions et d&rsquo;apporter de la cr\u00e9ativit\u00e9[\/vc_column_text][layerslider_vc id=\u00a0\u00bb8&Prime;][\/vc_column][\/vc_row][vc_row css_animation=\u00a0\u00bb\u00a0\u00bb row_type=\u00a0\u00bbrow\u00a0\u00bb use_row_as_full_screen_section=\u00a0\u00bbno\u00a0\u00bb type=\u00a0\u00bbfull_width\u00a0\u00bb anchor=\u00a0\u00bbhow\u00a0\u00bb angled_section=\u00a0\u00bbno\u00a0\u00bb text_align=\u00a0\u00bbleft\u00a0\u00bb background_image_as_pattern=\u00a0\u00bbwithout_pattern\u00a0\u00bb][vc_column width=\u00a0\u00bb1\/3&Prime;][vc_single_image image=\u00a0\u00bb16364&Prime; img_size=\u00a0\u00bbfull\u00a0\u00bb alignment=\u00a0\u00bbcenter\u00a0\u00bb style=\u00a0\u00bbvc_box_rounded\u00a0\u00bb qode_css_animation=\u00a0\u00bb\u00a0\u00bb el_class=\u00a0\u00bboeil\u00a0\u00bb][\/vc_column][vc_column width=\u00a0\u00bb2\/3&Prime; css=\u00a0\u00bb.vc_custom_1503673350686{padding-top: 10px !important;padding-right: 30px !important;padding-bottom: 10px !important;padding-left: 30px !important;}\u00a0\u00bb][vc_column_text el_class=\u00a0\u00bbservice\u00a0\u00bb]<\/p>\n<h2 style=\"text-align: left;\">How \/\u00a0Un autre regard<\/h2>\n<p>[\/vc_column_text][vc_empty_space][vc_column_text el_class=\u00a0\u00bbservice\u00a0\u00bb]<\/p>\n<h3>En mode Intelligence op\u00e9rationnelle et collective<\/h3>\n<p>[\/vc_column_text][vc_column_text el_class=\u00a0\u00bbservice\u00a0\u00bb]<\/p>\n<h4>Co-cr\u00e9ation<\/h4>\n<p>[\/vc_column_text][vc_column_text el_class=\u00a0\u00bbservice\u00a0\u00bb]Un regard neuf &amp; ext\u00e9rieur pour collaborer autrement et de mani\u00e8re durable.[\/vc_column_text][vc_empty_space][vc_column_text el_class=\u00a0\u00bbservice\u00a0\u00bb]<\/p>\n<h4>Co-organisation<\/h4>\n<p>[\/vc_column_text][vc_column_text el_class=\u00a0\u00bbservice\u00a0\u00bb]Un approche exp\u00e9riment\u00e9e pour penser et agir out of the box<\/p>\n<p><img loading=\"lazy\" decoding=\"async\" class=\"wp-image-16217 alignnone\" src=\"http:\/\/beneworld.eu\/wp-content\/uploads\/2017\/01\/rond-300x300.png\" alt=\"\" width=\"20\" height=\"20\" \/>\u00a0Facilitation de projets (mentoring), accompagnement \u00e9tape par \u00e9tape.<\/p>\n<p><img loading=\"lazy\" decoding=\"async\" class=\"wp-image-16217 alignnone\" src=\"http:\/\/beneworld.eu\/wp-content\/uploads\/2017\/01\/rond-300x300.png\" alt=\"\" width=\"20\" height=\"20\" \/>\u00a0Formation + action : renforcement des comp\u00e9tences existantes pour un travail performant.<\/p>\n<p><img loading=\"lazy\" decoding=\"async\" class=\"wp-image-16217 alignnone\" src=\"http:\/\/beneworld.eu\/wp-content\/uploads\/2017\/01\/rond-300x300.png\" alt=\"\" width=\"20\" height=\"20\" \/>\u00a0Travel teaser: conseils en d\u00e9finition d\u2019itin\u00e9raires sur mesure.[\/vc_column_text][vc_empty_space][vc_column_text el_class=\u00a0\u00bbservice\u00a0\u00bb]<\/p>\n<h4>Connections<\/h4>\n<p>[\/vc_column_text][vc_column_text el_class=\u00a0\u00bbservice\u00a0\u00bb]Analyse transversale, conseils, consultance, mise en lien en ad\u00e9quation avec vos valeurs.[\/vc_column_text][vc_empty_space][vc_column_text el_class=\u00a0\u00bbservicecircu\u00a0\u00bb]<\/p>\n<h4>Approche de l\u2019\u00e9conomie circulaire<\/h4>\n<p>[\/vc_column_text][vc_column_text el_class=\u00a0\u00bbservice\u00a0\u00bb]L&rsquo;\u00e9conomie circulaire est un concept \u00e9conomique qui s&rsquo;inscrit dans le cadre du d\u00e9veloppement durable et qui s&rsquo;inspire notamment des notions d&rsquo;\u00e9conomie de la fonctionnalit\u00e9.<br \/>\n5 mots cl\u00e9s la guident:[\/vc_column_text][vc_empty_space][layerslider_vc id=\u00a0\u00bb5&Prime;][vc_column_text el_class=\u00a0\u00bbservice\u00a0\u00bb]Nous sommes ainsi attentifs \u00e0 : [\/vc_column_text][vc_column_text el_class=\u00a0\u00bbservice\u00a0\u00bb]<img loading=\"lazy\" decoding=\"async\" class=\"wp-image-16217 alignnone\" src=\"http:\/\/beneworld.eu\/wp-content\/uploads\/2017\/01\/rond-300x300.png\" alt=\"\" width=\"20\" height=\"20\" \/>\u00a0respecter et valoriser l\u2019existant, autrement dit les ressources internes et locales,<br \/>\n<img loading=\"lazy\" decoding=\"async\" class=\"wp-image-16217 alignnone\" src=\"http:\/\/beneworld.eu\/wp-content\/uploads\/2017\/01\/rond-300x300.png\" alt=\"\" width=\"20\" height=\"20\" \/>\u00a0redistribuer et r\u00e9cup\u00e9rer les exc\u00e9dents,<br \/>\n<img loading=\"lazy\" decoding=\"async\" class=\"wp-image-16217 alignnone\" src=\"http:\/\/beneworld.eu\/wp-content\/uploads\/2017\/01\/rond-300x300.png\" alt=\"\" width=\"20\" height=\"20\" \/>\u00a0augmenter les r\u00e9sultats et cr\u00e9er du lien.[\/vc_column_text][vc_empty_space][\/vc_column][\/vc_row][vc_row css_animation=\u00a0\u00bb\u00a0\u00bb row_type=\u00a0\u00bbrow\u00a0\u00bb use_row_as_full_screen_section=\u00a0\u00bbno\u00a0\u00bb type=\u00a0\u00bbfull_width\u00a0\u00bb anchor=\u00a0\u00bbhow\u00a0\u00bb angled_section=\u00a0\u00bbno\u00a0\u00bb text_align=\u00a0\u00bbleft\u00a0\u00bb background_image_as_pattern=\u00a0\u00bbwithout_pattern\u00a0\u00bb][vc_column width=\u00a0\u00bb1\/2&Prime;][\/vc_column][vc_column width=\u00a0\u00bb1\/2&Prime;][\/vc_column][\/vc_row]<\/p>\n<\/div>","protected":false},"excerpt":{"rendered":"<p>[vc_row css_animation=\u00a0\u00bb\u00a0\u00bb row_type=\u00a0\u00bbrow\u00a0\u00bb use_row_as_full_screen_section=\u00a0\u00bbno\u00a0\u00bb type=\u00a0\u00bbfull_width\u00a0\u00bb angled_section=\u00a0\u00bbno\u00a0\u00bb text_align=\u00a0\u00bbleft\u00a0\u00bb background_image_as_pattern=\u00a0\u00bbwithout_pattern\u00a0\u00bb][vc_column width=\u00a0\u00bb1\/3&Prime;][vc_single_image image=\u00a0\u00bb16214&Prime; img_size=\u00a0\u00bbfull\u00a0\u00bb alignment=\u00a0\u00bbcenter\u00a0\u00bb qode_css_animation=\u00a0\u00bb\u00a0\u00bb][\/vc_column][vc_column width=\u00a0\u00bb2\/3&Prime; css=\u00a0\u00bb.vc_custom_1503673350686{padding-top: 10px !important;padding-right: 30px !important;padding-bottom: 10px !important;padding-left: 30px !important;}\u00a0\u00bb][vc_column_text el_class=\u00a0\u00bbservice\u00a0\u00bb] What \/\u00a0Services multifacettes [\/vc_column_text][vc_empty_space][vc_column_text el_class=\u00a0\u00bbservice\u00a0\u00bb] Projects &amp; Events Pour passer de l\u2019id\u00e9e \u00e0 la r\u00e9alisation, des interventions pour:[\/vc_column_text][vc_empty_space][vc_column_text el_class=\u00a0\u00bbservice\u00a0\u00bb]\u00a0Clarifier votre projet&#8230;<\/p>\n","protected":false},"author":1,"featured_media":0,"parent":0,"menu_order":0,"comment_status":"closed","ping_status":"closed","template":"full_width.php","meta":{"footnotes":""},"class_list":["post-11","page","type-page","status-publish","hentry"],"_links":{"self":[{"href":"https:\/\/beneworld.eu\/fr\/wp-json\/wp\/v2\/pages\/11","targetHints":{"allow":["GET"]}}],"collection":[{"href":"https:\/\/beneworld.eu\/fr\/wp-json\/wp\/v2\/pages"}],"about":[{"href":"https:\/\/beneworld.eu\/fr\/wp-json\/wp\/v2\/types\/page"}],"author":[{"embeddable":true,"href":"https:\/\/beneworld.eu\/fr\/wp-json\/wp\/v2\/users\/1"}],"replies":[{"embeddable":true,"href":"https:\/\/beneworld.eu\/fr\/wp-json\/wp\/v2\/comments?post=11"}],"version-history":[{"count":111,"href":"https:\/\/beneworld.eu\/fr\/wp-json\/wp\/v2\/pages\/11\/revisions"}],"predecessor-version":[{"id":16802,"href":"https:\/\/beneworld.eu\/fr\/wp-json\/wp\/v2\/pages\/11\/revisions\/16802"}],"wp:attachment":[{"href":"https:\/\/beneworld.eu\/fr\/wp-json\/wp\/v2\/media?parent=11"}],"curies":[{"name":"wp","href":"https:\/\/api.w.org\/{rel}","templated":true}]}}