{"id":16839,"date":"2019-11-22T11:54:12","date_gmt":"2019-11-22T10:54:12","guid":{"rendered":"http:\/\/beneworld.eu\/?page_id=16839"},"modified":"2020-03-09T18:09:27","modified_gmt":"2020-03-09T17:09:27","slug":"formation","status":"publish","type":"page","link":"https:\/\/beneworld.eu\/es\/formation\/","title":{"rendered":"(Trans) Formation"},"content":{"rendered":"<p class=\"qtranxs-available-languages-message qtranxs-available-languages-message-es\">Disculpa, pero esta entrada est\u00e1 disponible s\u00f3lo en <a href=\"https:\/\/beneworld.eu\/fr\/wp-json\/wp\/v2\/pages\/16839\" class=\"qtranxs-available-language-link qtranxs-available-language-link-fr\" title=\"Fran\u00e7ais\">Fran\u00e7ais<\/a>.<\/p>\n","protected":false},"excerpt":{"rendered":"<p>Disculpa, pero esta entrada est\u00e1 disponible s\u00f3lo en Fran\u00e7ais.<\/p>\n","protected":false},"author":2,"featured_media":0,"parent":0,"menu_order":0,"comment_status":"closed","ping_status":"closed","template":"","meta":{"footnotes":""},"class_list":["post-16839","page","type-page","status-publish","hentry"],"_links":{"self":[{"href":"https:\/\/beneworld.eu\/es\/wp-json\/wp\/v2\/pages\/16839","targetHints":{"allow":["GET"]}}],"collection":[{"href":"https:\/\/beneworld.eu\/es\/wp-json\/wp\/v2\/pages"}],"about":[{"href":"https:\/\/beneworld.eu\/es\/wp-json\/wp\/v2\/types\/page"}],"author":[{"embeddable":true,"href":"https:\/\/beneworld.eu\/es\/wp-json\/wp\/v2\/users\/2"}],"replies":[{"embeddable":true,"href":"https:\/\/beneworld.eu\/es\/wp-json\/wp\/v2\/comments?post=16839"}],"version-history":[{"count":31,"href":"https:\/\/beneworld.eu\/es\/wp-json\/wp\/v2\/pages\/16839\/revisions"}],"predecessor-version":[{"id":16890,"href":"https:\/\/beneworld.eu\/es\/wp-json\/wp\/v2\/pages\/16839\/revisions\/16890"}],"wp:attachment":[{"href":"https:\/\/beneworld.eu\/es\/wp-json\/wp\/v2\/media?parent=16839"}],"curies":[{"name":"wp","href":"https:\/\/api.w.org\/{rel}","templated":true}]}}