{"id":16340,"date":"2017-08-27T16:25:11","date_gmt":"2017-08-27T14:25:11","guid":{"rendered":"http:\/\/beneworld.eu\/NEW\/?page_id=16340"},"modified":"2020-12-14T10:19:21","modified_gmt":"2020-12-14T09:19:21","slug":"16340-2","status":"publish","type":"page","link":"https:\/\/beneworld.eu\/es\/16340-2\/","title":{"rendered":"(Fran\u00e7ais) test"},"content":{"rendered":"<p class=\"qtranxs-available-languages-message qtranxs-available-languages-message-es\">Disculpa, pero esta entrada est\u00e1 disponible s\u00f3lo en <a href=\"https:\/\/beneworld.eu\/fr\/wp-json\/wp\/v2\/pages\/16340\" class=\"qtranxs-available-language-link qtranxs-available-language-link-fr\" title=\"Fran\u00e7ais\">Fran\u00e7ais<\/a>.<\/p>\n","protected":false},"excerpt":{"rendered":"<p>Disculpa, pero esta entrada est\u00e1 disponible s\u00f3lo en Fran\u00e7ais.<\/p>\n","protected":false},"author":2,"featured_media":0,"parent":0,"menu_order":0,"comment_status":"closed","ping_status":"closed","template":"","meta":{"footnotes":""},"class_list":["post-16340","page","type-page","status-publish","hentry"],"_links":{"self":[{"href":"https:\/\/beneworld.eu\/es\/wp-json\/wp\/v2\/pages\/16340","targetHints":{"allow":["GET"]}}],"collection":[{"href":"https:\/\/beneworld.eu\/es\/wp-json\/wp\/v2\/pages"}],"about":[{"href":"https:\/\/beneworld.eu\/es\/wp-json\/wp\/v2\/types\/page"}],"author":[{"embeddable":true,"href":"https:\/\/beneworld.eu\/es\/wp-json\/wp\/v2\/users\/2"}],"replies":[{"embeddable":true,"href":"https:\/\/beneworld.eu\/es\/wp-json\/wp\/v2\/comments?post=16340"}],"version-history":[{"count":6,"href":"https:\/\/beneworld.eu\/es\/wp-json\/wp\/v2\/pages\/16340\/revisions"}],"predecessor-version":[{"id":16900,"href":"https:\/\/beneworld.eu\/es\/wp-json\/wp\/v2\/pages\/16340\/revisions\/16900"}],"wp:attachment":[{"href":"https:\/\/beneworld.eu\/es\/wp-json\/wp\/v2\/media?parent=16340"}],"curies":[{"name":"wp","href":"https:\/\/api.w.org\/{rel}","templated":true}]}}