{"id":11,"date":"2017-01-07T13:37:17","date_gmt":"2017-01-07T12:37:17","guid":{"rendered":"http:\/\/beneworld.eu\/NEW\/?page_id=11"},"modified":"2019-04-10T10:36:42","modified_gmt":"2019-04-10T08:36:42","slug":"services","status":"publish","type":"page","link":"https:\/\/beneworld.eu\/es\/services\/","title":{"rendered":"Servicios, con una sonrisa"},"content":{"rendered":"<div class=\"wpb-content-wrapper\"><p>[vc_row css_animation=\u00bb\u00bb row_type=\u00bbrow\u00bb use_row_as_full_screen_section=\u00bbno\u00bb type=\u00bbfull_width\u00bb angled_section=\u00bbno\u00bb text_align=\u00bbleft\u00bb background_image_as_pattern=\u00bbwithout_pattern\u00bb][vc_column width=\u00bb1\/3&#8243;][vc_single_image image=\u00bb16214&#8243; img_size=\u00bbfull\u00bb alignment=\u00bbcenter\u00bb qode_css_animation=\u00bb\u00bb][\/vc_column][vc_column width=\u00bb2\/3&#8243; css=\u00bb.vc_custom_1503673350686{padding-top: 10px !important;padding-right: 30px !important;padding-bottom: 10px !important;padding-left: 30px !important;}\u00bb][vc_column_text el_class=\u00bbservice\u00bb]<\/p>\n<h2 style=\"text-align: left;\">What \/\u00a0Servicios multifachados<\/h2>\n<p>[\/vc_column_text][vc_empty_space][vc_column_text el_class=\u00bbservice\u00bb]<\/p>\n<h3><strong>Proyectos y eventos<\/strong><\/h3>\n<p>Para pasar de la idea a la realizaci\u00f3n, intervenemos etapa para etapa:[\/vc_column_text][vc_empty_space][vc_column_text el_class=\u00bbservice\u00bb]<img loading=\"lazy\" decoding=\"async\" class=\"wp-image-16217 alignnone\" src=\"http:\/\/beneworld.eu\/wp-content\/uploads\/2017\/01\/rond-300x300.png\" alt=\"\" width=\"20\" height=\"20\" \/> Clarificar su proyecto y objetivos<br \/>\n<img loading=\"lazy\" decoding=\"async\" class=\"wp-image-16217 alignnone\" src=\"http:\/\/beneworld.eu\/wp-content\/uploads\/2017\/01\/rond-300x300.png\" alt=\"\" width=\"20\" height=\"20\" \/> Identificar los valores importantes<br \/>\n<img loading=\"lazy\" decoding=\"async\" class=\"wp-image-16217 alignnone\" src=\"http:\/\/beneworld.eu\/wp-content\/uploads\/2017\/01\/rond-300x300.png\" alt=\"\" width=\"20\" height=\"20\" \/> Definir la estrategia y la retro planificaci\u00f3n<br \/>\n<img loading=\"lazy\" decoding=\"async\" class=\"wp-image-16217 alignnone\" src=\"http:\/\/beneworld.eu\/wp-content\/uploads\/2017\/01\/rond-300x300.png\" alt=\"\" width=\"20\" height=\"20\" \/> Gestionar los partenarios y presupuestos<br \/>\n<img loading=\"lazy\" decoding=\"async\" class=\"wp-image-16217 alignnone\" src=\"http:\/\/beneworld.eu\/wp-content\/uploads\/2017\/01\/rond-300x300.png\" alt=\"\" width=\"20\" height=\"20\" \/> Dar un ayuda log\u00edstica[\/vc_column_text][vc_empty_space height=\u00bb52px\u00bb][vc_column_text el_class=\u00bbservice\u00bb]Al lado de est\u00e1 l\u00ednea temporal nos importa encontrar soluciones y a\u00f1adir creatividad[\/vc_column_text][layerslider_vc id=\u00bb19&#8243;][\/vc_column][\/vc_row][vc_row css_animation=\u00bb\u00bb row_type=\u00bbrow\u00bb use_row_as_full_screen_section=\u00bbno\u00bb type=\u00bbfull_width\u00bb anchor=\u00bbhow\u00bb angled_section=\u00bbno\u00bb text_align=\u00bbleft\u00bb background_image_as_pattern=\u00bbwithout_pattern\u00bb][vc_column width=\u00bb1\/3&#8243;][vc_single_image image=\u00bb16364&#8243; img_size=\u00bbfull\u00bb alignment=\u00bbcenter\u00bb style=\u00bbvc_box_rounded\u00bb qode_css_animation=\u00bb\u00bb el_class=\u00bboeil\u00bb][\/vc_column][vc_column width=\u00bb2\/3&#8243; css=\u00bb.vc_custom_1503673350686{padding-top: 10px !important;padding-right: 30px !important;padding-bottom: 10px !important;padding-left: 30px !important;}\u00bb][vc_column_text el_class=\u00bbservice\u00bb]<\/p>\n<h2 style=\"text-align: left;\">How? Una otra visi\u00f3n<\/h2>\n<p>[\/vc_column_text][vc_empty_space][vc_column_text el_class=\u00bbservice\u00bb]<\/p>\n<h3><strong>De manera \u00ab\u00a0 inteligencia operacional y colectiva\u00a0\u00bb<\/strong><\/h3>\n<p>[\/vc_column_text][vc_column_text el_class=\u00bbservice\u00bb]<\/p>\n<h4>Co-creacion<\/h4>\n<p>[\/vc_column_text][vc_column_text el_class=\u00bbservice\u00bb]Un visto nuevo y exterior para colaborar de manera difErente y durable.[\/vc_column_text][vc_empty_space][vc_column_text el_class=\u00bbservice\u00bb]<\/p>\n<h4>Co-<strong>organizaci\u00f3n <\/strong><\/h4>\n<p>[\/vc_column_text][vc_column_text el_class=\u00bbservice\u00bb]Un\u00a0 enfoque experimental para pensar y actuar de manera original<\/p>\n<p><img loading=\"lazy\" decoding=\"async\" class=\"wp-image-16217 alignnone\" src=\"http:\/\/beneworld.eu\/wp-content\/uploads\/2017\/01\/rond-300x300.png\" alt=\"\" width=\"20\" height=\"20\" \/> Facilitar proyectos, acompa\u00f1ar a cada etapa<\/p>\n<p><img loading=\"lazy\" decoding=\"async\" class=\"wp-image-16217 alignnone\" src=\"http:\/\/beneworld.eu\/wp-content\/uploads\/2017\/01\/rond-300x300.png\" alt=\"\" width=\"20\" height=\"20\" \/> Formaci\u00f3n y accion\u00a0: reinforzar las competencias existentes para un trabajo performante<\/p>\n<p><img loading=\"lazy\" decoding=\"async\" class=\"wp-image-16217 alignnone\" src=\"http:\/\/beneworld.eu\/wp-content\/uploads\/2017\/01\/rond-300x300.png\" alt=\"\" width=\"20\" height=\"20\" \/> Travel teaser\u00a0: consejos y <span lang=\"es\">definici\u00f3n <\/span>de itinerario adaptado[\/vc_column_text][vc_empty_space][vc_column_text el_class=\u00bbservice\u00bb]<\/p>\n<h4>Con<strong>neciones <\/strong><\/h4>\n<p>[\/vc_column_text][vc_column_text el_class=\u00bbservice\u00bb]An\u00e1lisis transversal, consejos, consultancia en adecuacion con sus valores.[\/vc_column_text][vc_empty_space][vc_column_text el_class=\u00bbservicecircu\u00bb]<strong>Enfoque de econom\u00eda circular <\/strong>[\/vc_column_text][vc_column_text el_class=\u00bbservice\u00bb]La econom\u00eda circular es un concepto econ\u00f3mico que se inscribe en el desarrollo durable y que se inspira de nociones de econom\u00eda y funcionalidad.<\/p>\n<p>5 palabras guias\u00a0:[\/vc_column_text][vc_empty_space][layerslider_vc id=\u00bb22&#8243;][vc_column_text el_class=\u00bbservice\u00bb]De esta manera damos una atenci\u00f3n particular a estos valores:[\/vc_column_text][vc_column_text el_class=\u00bbservice\u00bb]<img loading=\"lazy\" decoding=\"async\" class=\"wp-image-16217 alignnone\" src=\"http:\/\/beneworld.eu\/wp-content\/uploads\/2017\/01\/rond-300x300.png\" alt=\"\" width=\"20\" height=\"20\" \/> respetar y valorizar el existente, o los recursos internos y locales,<\/p>\n<p><img loading=\"lazy\" decoding=\"async\" class=\"wp-image-16217 alignnone\" src=\"http:\/\/beneworld.eu\/wp-content\/uploads\/2017\/01\/rond-300x300.png\" alt=\"\" width=\"20\" height=\"20\" \/> redistribuir y recuperar los excedentes,<\/p>\n<p><img loading=\"lazy\" decoding=\"async\" class=\"wp-image-16217 alignnone\" src=\"http:\/\/beneworld.eu\/wp-content\/uploads\/2017\/01\/rond-300x300.png\" alt=\"\" width=\"20\" height=\"20\" \/> aumentar los resultados y crear vinculos.[\/vc_column_text][vc_empty_space][\/vc_column][\/vc_row][vc_row css_animation=\u00bb\u00bb row_type=\u00bbrow\u00bb use_row_as_full_screen_section=\u00bbno\u00bb type=\u00bbfull_width\u00bb anchor=\u00bbhow\u00bb angled_section=\u00bbno\u00bb text_align=\u00bbleft\u00bb background_image_as_pattern=\u00bbwithout_pattern\u00bb][vc_column width=\u00bb1\/2&#8243;][\/vc_column][vc_column width=\u00bb1\/2&#8243;][\/vc_column][\/vc_row]<\/p>\n<\/div>","protected":false},"excerpt":{"rendered":"<p>[vc_row css_animation=\u00bb\u00bb row_type=\u00bbrow\u00bb use_row_as_full_screen_section=\u00bbno\u00bb type=\u00bbfull_width\u00bb angled_section=\u00bbno\u00bb text_align=\u00bbleft\u00bb background_image_as_pattern=\u00bbwithout_pattern\u00bb][vc_column width=\u00bb1\/3&#8243;][vc_single_image image=\u00bb16214&#8243; img_size=\u00bbfull\u00bb alignment=\u00bbcenter\u00bb qode_css_animation=\u00bb\u00bb][\/vc_column][vc_column width=\u00bb2\/3&#8243; css=\u00bb.vc_custom_1503673350686{padding-top: 10px !important;padding-right: 30px !important;padding-bottom: 10px !important;padding-left: 30px !important;}\u00bb][vc_column_text el_class=\u00bbservice\u00bb] What \/\u00a0Servicios multifachados [\/vc_column_text][vc_empty_space][vc_column_text el_class=\u00bbservice\u00bb] Proyectos y eventos Para pasar de la idea a la realizaci\u00f3n, intervenemos etapa para etapa:[\/vc_column_text][vc_empty_space][vc_column_text el_class=\u00bbservice\u00bb]&#8230;<\/p>\n","protected":false},"author":1,"featured_media":0,"parent":0,"menu_order":0,"comment_status":"closed","ping_status":"closed","template":"full_width.php","meta":{"footnotes":""},"class_list":["post-11","page","type-page","status-publish","hentry"],"_links":{"self":[{"href":"https:\/\/beneworld.eu\/es\/wp-json\/wp\/v2\/pages\/11","targetHints":{"allow":["GET"]}}],"collection":[{"href":"https:\/\/beneworld.eu\/es\/wp-json\/wp\/v2\/pages"}],"about":[{"href":"https:\/\/beneworld.eu\/es\/wp-json\/wp\/v2\/types\/page"}],"author":[{"embeddable":true,"href":"https:\/\/beneworld.eu\/es\/wp-json\/wp\/v2\/users\/1"}],"replies":[{"embeddable":true,"href":"https:\/\/beneworld.eu\/es\/wp-json\/wp\/v2\/comments?post=11"}],"version-history":[{"count":111,"href":"https:\/\/beneworld.eu\/es\/wp-json\/wp\/v2\/pages\/11\/revisions"}],"predecessor-version":[{"id":16802,"href":"https:\/\/beneworld.eu\/es\/wp-json\/wp\/v2\/pages\/11\/revisions\/16802"}],"wp:attachment":[{"href":"https:\/\/beneworld.eu\/es\/wp-json\/wp\/v2\/media?parent=11"}],"curies":[{"name":"wp","href":"https:\/\/api.w.org\/{rel}","templated":true}]}}